{"id":335,"date":"2021-06-15T04:07:29","date_gmt":"2021-06-15T04:07:29","guid":{"rendered":"http:\/\/melecnet.com\/?page_id=335"},"modified":"2025-03-12T16:56:15","modified_gmt":"2025-03-12T16:56:15","slug":"politica-sgsi","status":"publish","type":"page","link":"http:\/\/melecnet.com\/?page_id=335","title":{"rendered":"Pol\u00edtica SGSI"},"content":{"rendered":"\n<p>POL\u00cdTICA DEL SISTEMA DE GESTI\u00d3N DE SEGURIDAD INFORM\u00c1TICA<\/p>\n\n\n\n<p>Melec Networks Srl. es una empresa peruana dedicada al desarrollo y operacion de servicios informaticos y de comuniaciones, operadora del Servicio LOCALIZAT IoT www.localizat.com , el cual permite brindar servicios IoT de localizaci\u00f3n, telemetria y control de diferentes sensores mediante terminales de comuniacion instalados en veh\u00edculos, embarcaciones, maquinaria y equipo industrial.<br>Nuestros servicios de instalaci\u00f3n y mantenimiento se realizan a nivel nacional, y nuestros servicios de desarrollo y operacion IoT de geolocalizaci\u00f3n en tiempo real, a nivel nacional e internacional.<\/p>\n\n\n\n<p><br>Aline\u00e1ndonos a la norma ISO 27001:2022, nos comprometemos a:<\/p>\n\n\n\n<ul>\n<li>Cumplir con los objetivos planteados y planificados para el Sistema de gesti\u00f3n de seguridad de la informaci\u00f3n.<\/li>\n\n\n\n<li>Satisfacer requisitos aplicables relacionados a la seguridad de la informaci\u00f3n.<\/li>\n\n\n\n<li>Cumplir con los requisitos y normativa legal aplicable relacionada a la seguridad la informaci\u00f3n.<\/li>\n\n\n\n<li>Divulgar, cumplir, hacer cumplir esta Pol\u00edtica en todos los niveles de la organizaci\u00f3n y grupos de inter\u00e9s, con revisi\u00f3n de forma peri\u00f3dica para garantizar su idoneidad.<\/li>\n\n\n\n<li>Mejorar continuamente en el tiempo, asegurando la disponibilidad de la informaci\u00f3n y de los recursos necesarios para lograr los objetivos y las metas establecidas.<\/li>\n<\/ul>\n\n\n\n<p>Melec Networks Srl. reconoce que la Seguridad de la Informaci\u00f3n es un compromiso inherente a todos los procesos desarrollados y a cada parte interesada. Su apropiada gesti\u00f3n tiene incidencia positiva en la calidad de la informaci\u00f3n y en la mejora continua de sus procesos.<\/p>\n\n\n\n<p>GERENCIA GENERAL<\/p>\n","protected":false},"excerpt":{"rendered":"<p>POL\u00cdTICA DEL SISTEMA DE GESTI\u00d3N DE SEGURIDAD INFORM\u00c1TICA Melec Networks Srl. es una empresa peruana dedicada al desarrollo y operacion de servicios informaticos y de comuniaciones, operadora del Servicio LOCALIZAT IoT www.localizat.com , el cual permite brindar servicios IoT de localizaci\u00f3n, telemetria y control de diferentes sensores mediante terminales de comuniacion instalados en veh\u00edculos, embarcaciones, [&hellip;]<\/p>\n","protected":false},"author":1,"featured_media":0,"parent":0,"menu_order":0,"comment_status":"closed","ping_status":"closed","template":"","meta":{"footnotes":""},"_links":{"self":[{"href":"http:\/\/melecnet.com\/index.php?rest_route=\/wp\/v2\/pages\/335"}],"collection":[{"href":"http:\/\/melecnet.com\/index.php?rest_route=\/wp\/v2\/pages"}],"about":[{"href":"http:\/\/melecnet.com\/index.php?rest_route=\/wp\/v2\/types\/page"}],"author":[{"embeddable":true,"href":"http:\/\/melecnet.com\/index.php?rest_route=\/wp\/v2\/users\/1"}],"replies":[{"embeddable":true,"href":"http:\/\/melecnet.com\/index.php?rest_route=%2Fwp%2Fv2%2Fcomments&post=335"}],"version-history":[{"count":5,"href":"http:\/\/melecnet.com\/index.php?rest_route=\/wp\/v2\/pages\/335\/revisions"}],"predecessor-version":[{"id":533,"href":"http:\/\/melecnet.com\/index.php?rest_route=\/wp\/v2\/pages\/335\/revisions\/533"}],"wp:attachment":[{"href":"http:\/\/melecnet.com\/index.php?rest_route=%2Fwp%2Fv2%2Fmedia&parent=335"}],"curies":[{"name":"wp","href":"https:\/\/api.w.org\/{rel}","templated":true}]}}