{"id":7,"date":"2017-08-27T13:44:22","date_gmt":"2017-08-27T13:44:22","guid":{"rendered":"http:\/\/23.254.209.233\/?page_id=7"},"modified":"2023-08-02T01:29:58","modified_gmt":"2023-08-02T01:29:58","slug":"banda-ancha-satelital","status":"publish","type":"page","link":"http:\/\/melecnet.com\/?page_id=7","title":{"rendered":"Conexion Satelital &#8211; Internet"},"content":{"rendered":"<p>El acceso a la conexi\u00f3n a <strong>Internet<\/strong> es ahora un requerimiento esencial de negocio. Esto le asegura que se mantendr\u00e1 conectado en todo momento, sin importar cuan lejos llegue.<\/p>\n<p class=\"hero-sub-text\">El portafolio de conexi\u00f3n a <strong>Internet<\/strong> ofrece una selecci\u00f3n de servicios, m\u00f3viles o fijos, que permiten el uso de aplicaciones de oficina, como correo electr\u00f3nico, navegaci\u00f3n web o VPN, en cualquier lugar del mundo \u2013 as\u00ed como tambi\u00e9n utilizar aplicaciones que requieren de mayor ancho de banda como videoconferencia, tele medicina, y transmisi\u00f3n de TV en vivo.<\/p>\n<p class=\"hero-sub-text\"><strong>StarLink<\/strong><\/p>\n<p class=\"hero-sub-text\">Servicios de onexi\u00f3n a <strong>Internet<\/strong> de alta velocidad para instalacion residencial, fija empresarial, itinerante y movil para camiones&nbsp; embarcaciones, con un rango de capacidades y opciones de conectividad para ajustarse a sus necesidades.<\/p>\n<p class=\"hero-sub-text\"><strong>FleetBroadband<\/strong><\/p>\n<p class=\"hero-sub-text\">Servicios de voz y datos de Banda Ancha global para embarcaciones, con un rango amplio de capacidades y tama\u00f1os de antena para ajustarse a su presupuesto y necesidades.<\/p>\n<p class=\"hero-sub-text\"><strong>BGAN Link<\/strong><\/p>\n<p class=\"hero-sub-text\">Servicio de Banda Ancha para sus necesidades de alto volumen de datos IP Est\u00e1ndar en una ubicaci\u00f3n fija, para aplicaciones de oficina como correo electr\u00f3nico, navegaci\u00f3n web y acceso VPN.<\/p>\n<p class=\"hero-sub-text\"><strong>BGAN HDR<\/strong><\/p>\n<p class=\"hero-sub-text\">Un portafolio con altas tasas de transmisi\u00f3n dise\u00f1ado para entregar calidad de video superior en cualquier lugar del mundo.<\/p>\n<p class=\"hero-sub-text\">\n","protected":false},"excerpt":{"rendered":"<p>El acceso a la conexi\u00f3n a Internet es ahora un requerimiento esencial de negocio. Esto le asegura que se mantendr\u00e1 conectado en todo momento, sin importar cuan lejos llegue. El portafolio de conexi\u00f3n a Internet ofrece una selecci\u00f3n de servicios, m\u00f3viles o fijos, que permiten el uso de aplicaciones de oficina, como correo electr\u00f3nico, navegaci\u00f3n [&hellip;]<\/p>\n","protected":false},"author":1,"featured_media":0,"parent":0,"menu_order":0,"comment_status":"closed","ping_status":"closed","template":"","meta":{"footnotes":""},"_links":{"self":[{"href":"http:\/\/melecnet.com\/index.php?rest_route=\/wp\/v2\/pages\/7"}],"collection":[{"href":"http:\/\/melecnet.com\/index.php?rest_route=\/wp\/v2\/pages"}],"about":[{"href":"http:\/\/melecnet.com\/index.php?rest_route=\/wp\/v2\/types\/page"}],"author":[{"embeddable":true,"href":"http:\/\/melecnet.com\/index.php?rest_route=\/wp\/v2\/users\/1"}],"replies":[{"embeddable":true,"href":"http:\/\/melecnet.com\/index.php?rest_route=%2Fwp%2Fv2%2Fcomments&post=7"}],"version-history":[{"count":3,"href":"http:\/\/melecnet.com\/index.php?rest_route=\/wp\/v2\/pages\/7\/revisions"}],"predecessor-version":[{"id":500,"href":"http:\/\/melecnet.com\/index.php?rest_route=\/wp\/v2\/pages\/7\/revisions\/500"}],"wp:attachment":[{"href":"http:\/\/melecnet.com\/index.php?rest_route=%2Fwp%2Fv2%2Fmedia&parent=7"}],"curies":[{"name":"wp","href":"https:\/\/api.w.org\/{rel}","templated":true}]}}